{"id":966,"date":"2018-08-27T15:18:17","date_gmt":"2018-08-27T14:18:17","guid":{"rendered":"https:\/\/karinaschneeberger.at\/?page_id=966"},"modified":"2022-09-04T20:45:38","modified_gmt":"2022-09-04T19:45:38","slug":"datenschutz","status":"publish","type":"page","link":"https:\/\/karinaschneeberger.at\/?page_id=966","title":{"rendered":"Datenschutzinformation"},"content":{"rendered":"<p>Der Schutz Ihrer pers\u00f6nlichen Daten ist mir ein besonderes Anliegen. In diesen Datenschutzinformationen informieren ich Sie \u00fcber die wichtigsten Aspekte der Datenverarbeitung im Rahmen dieser Website.<\/p>\n<h4 id=\"heading_Kontakt_mit_uns\">Kontakt<\/h4>\n<p>Wenn Sie per E-Mail Kontakt mit mir aufnehmen, werden Ihre angegebenen Daten zwecks Bearbeitung der Anfrage in meinem E-Mailaccount gespeichert. Diese Daten geben ich nicht ohne Ihre Einwilligung weiter.<\/p>\n<h4 id=\"heading_Cookies\">Cookies<\/h4>\n<p>Diese Website verwendet so genannte Cookies. Dabei handelt es sich um kleine Textdateien, die mit Hilfe des Browsers auf Ihrem Endger\u00e4t abgelegt werden. Sie richten keinen Schaden an. Die Website nutzt Cookies dazu, um das Web-Angebot nutzerfreundlich zu gestalten. Einige Cookies bleiben auf Ihrem Endger\u00e4t gespeichert, bis Sie diese l\u00f6schen.<\/p>\n<p>Wenn Sie das nicht m\u00f6chten, k\u00f6nnen Sie Ihren Browser so einstellen, dass keine Cookies gespeichert werden oder dass er Sie \u00fcber das Setzen von Cookies informiert und Sie dies nur im Einzelfall erlauben.<\/p>\n<p>Bei der Deaktivierung von Cookies kann die Funktionalit\u00e4t dieser Website jedoch eingeschr\u00e4nkt sein.<\/p>\n<div>\n<div>\n<div>\n<p>Bei weiteren Fragen und Anliegen erreichen Sie mich unter praxis.schneeberger (@) gmail.com.<\/p>\n<\/div>\n<\/div>\n<\/div>\n","protected":false},"excerpt":{"rendered":"<p>Der Schutz Ihrer pers\u00f6nlichen Daten ist mir ein besonderes Anliegen. In diesen [&hellip;]<\/p>\n","protected":false},"author":1,"featured_media":0,"parent":0,"menu_order":0,"comment_status":"closed","ping_status":"closed","template":"page-templates\/page_fullwidth.php","meta":[],"_links":{"self":[{"href":"https:\/\/karinaschneeberger.at\/index.php?rest_route=\/wp\/v2\/pages\/966"}],"collection":[{"href":"https:\/\/karinaschneeberger.at\/index.php?rest_route=\/wp\/v2\/pages"}],"about":[{"href":"https:\/\/karinaschneeberger.at\/index.php?rest_route=\/wp\/v2\/types\/page"}],"author":[{"embeddable":true,"href":"https:\/\/karinaschneeberger.at\/index.php?rest_route=\/wp\/v2\/users\/1"}],"replies":[{"embeddable":true,"href":"https:\/\/karinaschneeberger.at\/index.php?rest_route=%2Fwp%2Fv2%2Fcomments&post=966"}],"version-history":[{"count":7,"href":"https:\/\/karinaschneeberger.at\/index.php?rest_route=\/wp\/v2\/pages\/966\/revisions"}],"predecessor-version":[{"id":1044,"href":"https:\/\/karinaschneeberger.at\/index.php?rest_route=\/wp\/v2\/pages\/966\/revisions\/1044"}],"wp:attachment":[{"href":"https:\/\/karinaschneeberger.at\/index.php?rest_route=%2Fwp%2Fv2%2Fmedia&parent=966"}],"curies":[{"name":"wp","href":"https:\/\/api.w.org\/{rel}","templated":true}]}}