{"id":220,"date":"2015-03-09T10:34:11","date_gmt":"2015-03-09T10:34:11","guid":{"rendered":"http:\/\/demo.athemes.com\/sydney\/?page_id=8"},"modified":"2025-09-16T21:21:46","modified_gmt":"2025-09-16T20:21:46","slug":"my-front-page","status":"publish","type":"page","link":"https:\/\/karinaschneeberger.at\/","title":{"rendered":"Karina Schneeberger"},"content":{"rendered":"<div id=\"pl-220\"  class=\"panel-layout\" ><div id=\"pg-220-0\"  class=\"panel-grid panel-has-style\" ><div class=\"siteorigin-panels-stretch panel-row-style panel-row-style-for-220-0\" style=\"border-bottom: 1px solid #e0e0e0;padding: 100px 0; \" data-stretch-type=\"full\" data-overlay=\"true\" ><div id=\"pgc-220-0-0\"  class=\"panel-grid-cell\" ><div id=\"panel-220-0-0-0\" class=\"so-panel widget widget_sydney_services_type_a sydney_services_widget panel-first-child panel-last-child\" data-index=\"0\" ><div style=\"text-align: left;\" data-title-color=\"#443f3f\" data-headings-color=\"#443f3f\" class=\"panel-widget-style panel-widget-style-for-220-0-0-0\" >\t\t\t<h3 class=\"widget-title\">Was ich Ihnen anbiete<\/h3>\r\n\t\t\t\t\t\t\t\t\t\t\t\t\t\t\t\t\t\t\t\t\t\t\t\t\t\t\t\t\t<div class=\"service col-md-4\">\r\n\t\t\t\t\t\t\t\t\t\t\t\t\t<div class=\"roll-icon-box\">\r\n\t\t\t\t\t\t\t\t\t\t\t\r\n\t\t\t\t\t\t\t\t\t<div class=\"icon\">\r\n\t\t\t\t\t\t\t\t\t\t\t\t\t\t\t\t\t\t\t\t\t<i class=\"fa fa-codepen\"><\/i>\t\t\t\t\t\t\t\t\t\t\t\t\t\t\t\t\t\t\t<\/div>\r\n\t\t\t\t\t\t\t\t\t\t\t\t\t\t\t\t<div class=\"content\">\r\n\t\t\t\t\t\t\t\t\t<h3>\r\n\t\t\t\t\t\t\t\t\t\t\t\t\t\t\t\t\t\t\t\t\t\t\t\t\t\t\t\t\t\t\t\t\t\t\t\t\t\t\t\t<\/h3>\r\n\t\t\t\t\t\t\t\t\t\t\t\t\t\t\t\t\t\r\n\t\t\t\t\t\t\t\t\t\t<p><strong>Einzel-, Paar- und Familientherapie<\/strong><\/p>\n<p>Psychotherapie bietet L\u00f6sungen bei vielen Anliegen, Problemen oder Krisen. Ich helfe Ihnen dabei, sich wieder auf Ihre St\u00e4rken und Ressourcen zu konzentrieren.<\/p>\n<p>&nbsp;<\/p>\n\t\t\t\t\t\t\t\t\t\t\t\t\t\t\t\t\t<\/div><!--.info-->\t\r\n\t\t\t\t\t\t\t<\/div>\r\n\t\t\t\t\t\t<\/div>\r\n\t\t\t\t\t\t\t\t\t\t\t\t\t\t\t\t\t\t\t\t\t\t\t\t\t\t\t\t\t<div class=\"service col-md-4\">\r\n\t\t\t\t\t\t\t\t\t\t\t\t\t<div class=\"roll-icon-box\">\r\n\t\t\t\t\t\t\t\t\t\t\t\r\n\t\t\t\t\t\t\t\t\t<div class=\"icon\">\r\n\t\t\t\t\t\t\t\t\t\t\t\t\t\t\t\t\t\t\t\t\t<i class=\"fa fa-codepen\"><\/i>\t\t\t\t\t\t\t\t\t\t\t\t\t\t\t\t\t\t\t<\/div>\r\n\t\t\t\t\t\t\t\t\t\t\t\t\t\t\t\t<div class=\"content\">\r\n\t\t\t\t\t\t\t\t\t<h3>\r\n\t\t\t\t\t\t\t\t\t\t\t\t\t\t\t\t\t\t\t\t\t\t\t\t\t\t\t\t\t\t\t\t\t\t\t\t\t\t\t\t<\/h3>\r\n\t\t\t\t\t\t\t\t\t\t\t\t\t\t\t\t\t\r\n\t\t\t\t\t\t\t\t\t\t<p><strong>Coaching, Supervision &amp; Selbsterfahrung<\/strong><\/p>\n<p>Ich unterst\u00fczte Sie dabei, beruflichen Ver\u00e4nderungen oder Belastungen mit mehr Selbstbewusstsein zu begegnen und Ihre Potenziale besser zu nutzen.<\/p>\n\t\t\t\t\t\t\t\t\t\t\t\t\t\t\t\t\t<\/div><!--.info-->\t\r\n\t\t\t\t\t\t\t<\/div>\r\n\t\t\t\t\t\t<\/div>\r\n\t\t\t\t\t\t\t\t\t\t\t\t\t\t\t\t\t\t\t\t\t\t\t\t\t\t\t\t\t<div class=\"service col-md-4\">\r\n\t\t\t\t\t\t\t\t\t\t\t\t\t<div class=\"roll-icon-box\">\r\n\t\t\t\t\t\t\t\t\t\t\t\r\n\t\t\t\t\t\t\t\t\t<div class=\"icon\">\r\n\t\t\t\t\t\t\t\t\t\t\t\t\t\t\t\t\t\t\t\t\t<i class=\"fa fa-codepen\"><\/i>\t\t\t\t\t\t\t\t\t\t\t\t\t\t\t\t\t\t\t<\/div>\r\n\t\t\t\t\t\t\t\t\t\t\t\t\t\t\t\t<div class=\"content\">\r\n\t\t\t\t\t\t\t\t\t<h3>\r\n\t\t\t\t\t\t\t\t\t\t\t\t\t\t\t\t\t\t\t\t\t\t\t\t\t\t\t\t\t\t\t\t\t\t\t\t\t\t\t\t<\/h3>\r\n\t\t\t\t\t\t\t\t\t\t\t\t\t\t\t\t\t\r\n\t\t\t\t\t\t\t\t\t\t<p><strong>Kennenlerngespr\u00e4ch <\/strong><\/p>\n<p>Ich biete Ihnen ein Erstgespr\u00e4ch zum Kennenlernen an.\u00a0Wir kl\u00e4ren dabei sowohl Ihr Anliegen, formulieren ein erstes Ziel und besprechen die Rahmenbedingungen.<\/p>\n\t\t\t\t\t\t\t\t\t\t\t\t\t\t\t\t\t<\/div><!--.info-->\t\r\n\t\t\t\t\t\t\t<\/div>\r\n\t\t\t\t\t\t<\/div>\r\n\t\t\t\t\t\r\n\t\t\t\t\t\t\t\t\r\n\t<\/div><\/div><\/div><\/div><\/div><div id=\"pg-220-1\"  class=\"panel-grid panel-has-style\" ><div class=\"siteorigin-panels-stretch panel-row-style panel-row-style-for-220-1\" style=\"padding: 1px 0; \" data-stretch-type=\"full\" data-overlay=\"true\" data-overlay-color=\"#000000\" ><div id=\"pgc-220-1-0\"  class=\"panel-grid-cell\" ><div id=\"panel-220-1-0-0\" class=\"so-panel widget widget_text panel-first-child panel-last-child\" data-index=\"1\" ><div style=\"text-align: left;\" data-title-color=\"#443f3f\" data-headings-color=\"#443f3f\" class=\"panel-widget-style panel-widget-style-for-220-1-0-0\" ><h3 class=\"widget-title\">Schwerpunkte<\/h3>\t\t\t<div class=\"textwidget\"><div class=\"textwidget\">\n<p>Als <strong>Psychotherapeutin<\/strong> und <strong>Erziehungswissenschaftlerin<\/strong> biete ich Ihnen Hilfe unter anderem bei folgenden Themen und Anliegen:<\/p>\n<\/div>\n<\/div>\n\t\t<\/div><\/div><\/div><\/div><\/div><div id=\"pg-220-2\"  class=\"panel-grid panel-has-style\" ><div class=\"siteorigin-panels-stretch panel-row-style panel-row-style-for-220-2\" style=\"padding: 1px 0; \" data-stretch-type=\"full\" data-overlay=\"true\" data-overlay-color=\"#000000\" ><div id=\"pgc-220-2-0\"  class=\"panel-grid-cell\" ><div id=\"panel-220-2-0-0\" class=\"so-panel widget widget_text panel-first-child panel-last-child\" data-index=\"2\" ><div style=\"text-align: left;\" data-title-color=\"#443f3f\" data-headings-color=\"#443f3f\" class=\"panel-widget-style panel-widget-style-for-220-2-0-0\" >\t\t\t<div class=\"textwidget\"><p><strong>Psychische Erkrankungen <\/strong><br \/>\n\u00c4ngste, Depression, Burnout<br \/>\nPers\u00f6nlichkeitsst\u00f6rungen<br \/>\nPsychosomatische Erkrankungen<\/p>\n<p><strong>Beziehung und Familie<\/strong><br \/>\nEhe- und Partnerschaftsthemen<br \/>\nPatchwork-Familie, Scheidung<br \/>\nErziehungs- und Eltern-Beratung<\/p>\n<p><strong>Familiengr\u00fcndung<\/strong><br \/>\nKinderwunsch, Schwangerschaft<br \/>\nFehlgeburt, Postpartale Depression<br \/>\nSchreibaby, Leben mit Familie<\/p>\n<\/div>\n\t\t<\/div><\/div><\/div><div id=\"pgc-220-2-1\"  class=\"panel-grid-cell\" ><div id=\"panel-220-2-1-0\" class=\"so-panel widget widget_text panel-first-child panel-last-child\" data-index=\"3\" ><div style=\"text-align: left;\" data-title-color=\"#443f3f\" data-headings-color=\"#443f3f\" class=\"panel-widget-style panel-widget-style-for-220-2-1-0\" >\t\t\t<div class=\"textwidget\"><p><strong>Supervision<\/strong><br \/>\nf\u00fcr Kindergartenp\u00e4dagog:innen<br \/>\nSozialp\u00e4dagog:innen, Lehrer:innen<br \/>\nMitarbeiter:innen in aufsuchender Familienarbeit<\/p>\n<p><strong>Berufliches Coaching<\/strong><br \/>\nPers\u00f6nliche Weiterentwicklung<br \/>\nNeuorientierung<br \/>\nBerufliche Belastungen<\/p>\n<p><strong>Selbsterfahrung<br \/>\n<\/strong>Pers\u00f6nlichkeitsentwicklung<br \/>\nund reflektieren der eigenen<br \/>\nPers\u00f6nlichkeit und Familiengeschichte<\/p>\n<\/div>\n\t\t<\/div><\/div><\/div><\/div><\/div><div id=\"pg-220-3\"  class=\"panel-grid panel-has-style\" ><div class=\"siteorigin-panels-stretch panel-row-style panel-row-style-for-220-3\" style=\"background-image: url(https:\/\/karinaschneeberger.at\/wp-content\/uploads\/2018\/03\/PINV-Praxisraum1.jpg);padding: 50px 0; \" data-stretch-type=\"full\" data-hasbg=\"hasbg\" data-overlay=\"true\" data-overlay-color=\"#000000\" ><div id=\"pgc-220-3-0\"  class=\"panel-grid-cell\" ><div id=\"panel-220-3-0-0\" class=\"so-panel widget widget_siteorigin-panels-builder panel-first-child panel-last-child\" data-index=\"4\" ><div style=\"text-align: left;\" data-title-color=\"#443f3f\" data-headings-color=\"#443f3f\" class=\"panel-widget-style panel-widget-style-for-220-3-0-0\" ><div id=\"pl-w5aa5c18f26124\"  class=\"panel-layout\" ><div id=\"pg-w5aa5c18f26124-0\"  class=\"panel-grid panel-has-style\" ><div style=\"color: #d65050;padding: 0px 0; \" data-hascolor=\"hascolor\" data-overlay=\"true\" class=\"panel-row-style panel-row-style-for-w5aa5c18f26124-0\" ><div id=\"pgc-w5aa5c18f26124-0-0\"  class=\"panel-grid-cell\" ><div id=\"panel-w5aa5c18f26124-0-0-0\" class=\"so-panel widget widget_text panel-first-child panel-last-child\" data-index=\"0\" ><div style=\"text-align: left;\" data-title-color=\"#ffffff\" data-headings-color=\"#443f3f\" class=\"panel-widget-style panel-widget-style-for-w5aa5c18f26124-0-0-0\" ><h3 class=\"widget-title\">M\u00f6chten sie&#8230;<\/h3>\t\t\t<div class=\"textwidget\"><\/div>\n\t\t<\/div><\/div><\/div><\/div><\/div><div id=\"pg-w5aa5c18f26124-1\"  class=\"panel-grid panel-has-style\" ><div style=\"padding: 0px 0; \" data-overlay=\"true\" class=\"panel-row-style panel-row-style-for-w5aa5c18f26124-1\" ><div id=\"pgc-w5aa5c18f26124-1-0\"  class=\"panel-grid-cell\" ><div id=\"panel-w5aa5c18f26124-1-0-0\" class=\"so-panel widget widget_sydney_action sydney_action_widget panel-first-child panel-last-child\" data-index=\"1\" ><div style=\"text-align: left;\" data-title-color=\"#ffffff\" data-headings-color=\"#ffffff\" class=\"panel-widget-style panel-widget-style-for-w5aa5c18f26124-1-0-0\" >        <div class=\"roll-promobox \">\r\n\t\t\t<div class=\"promo-wrap\">\r\n\t\t\t\t\t\t\t\t<div class=\"promo-content\">\r\n\t\t\t\t\t<h3 class=\"title\">... mich kontaktieren?<\/h3>\r\n\t\t\t\t<\/div>\r\n\t\t\t\t\t\t\t\t<div class=\"promo-controls\">\r\n\t\t\t\t\t<a href=\"#pg-220-8\" class=\"roll-button border\">Kontakt<\/a>\r\n\t\t\t\t<\/div>\r\n\t\t\t<\/div>\r\n        <\/div>\r\n\t<\/div><\/div><\/div><div id=\"pgc-w5aa5c18f26124-1-1\"  class=\"panel-grid-cell\" ><div id=\"panel-w5aa5c18f26124-1-1-0\" class=\"so-panel widget widget_sydney_action sydney_action_widget panel-first-child panel-last-child\" data-index=\"2\" ><div style=\"text-align: left;\" data-title-color=\"#ffffff\" data-headings-color=\"#ffffff\" class=\"panel-widget-style panel-widget-style-for-w5aa5c18f26124-1-1-0\" >        <div class=\"roll-promobox \">\r\n\t\t\t<div class=\"promo-wrap\">\r\n\t\t\t\t\t\t\t\t<div class=\"promo-content\">\r\n\t\t\t\t\t<h3 class=\"title\">... mehr \u00fcber mich erfahren?<\/h3>\r\n\t\t\t\t<\/div>\r\n\t\t\t\t\t\t\t\t<div class=\"promo-controls\">\r\n\t\t\t\t\t<a href=\"#pg-220-4\" class=\"roll-button border\">\u00dcber mich<\/a>\r\n\t\t\t\t<\/div>\r\n\t\t\t<\/div>\r\n        <\/div>\r\n\t<\/div><\/div><\/div><\/div><\/div><\/div><\/div><\/div><\/div><\/div><\/div><div id=\"pg-220-4\"  class=\"panel-grid panel-has-style\" ><div style=\"padding: 60px 0; \" data-overlay=\"true\" data-overlay-color=\"#000000\" class=\"panel-row-style panel-row-style-for-220-4\" ><div id=\"pgc-220-4-0\"  class=\"panel-grid-cell\" ><div id=\"panel-220-4-0-0\" class=\"so-panel widget widget_text panel-first-child panel-last-child\" data-index=\"5\" ><div style=\"text-align: left;\" data-title-color=\"#443f3f\" data-headings-color=\"#443f3f\" class=\"panel-widget-style panel-widget-style-for-220-4-0-0\" ><h3 class=\"widget-title\">\u00dcber mich<\/h3>\t\t\t<div class=\"textwidget\"><p><strong>Dipl.-P\u00e4d.in Karina Schneeberger<\/strong><\/p>\n<p><strong>Systemische Psychotherapeutin &amp; Erziehungswissenschaftlerin<\/strong><\/p>\n<p>Ich bin in der S\u00fcdsteiermark aufgewachsen und habe danach 11 Jahre in Hamburg gelebt, studiert und gearbeitet. Seit 2012 habe ich meinen Lebensmittelpunkt in Wien. Ich bin Mutter von 2 Kindern.<\/p>\n<\/div>\n\t\t<\/div><\/div><\/div><div id=\"pgc-220-4-1\"  class=\"panel-grid-cell\" ><div id=\"panel-220-4-1-0\" class=\"so-panel widget widget_sow-image panel-first-child panel-last-child\" data-index=\"6\" ><div style=\"text-align: left;\" data-title-color=\"#443f3f\" data-headings-color=\"#443f3f\" class=\"panel-widget-style panel-widget-style-for-220-4-1-0\" ><div\n\t\t\t\n\t\t\tclass=\"so-widget-sow-image so-widget-sow-image-default-d6014b76747a-35\"\n\t\t\t\n\t\t>\n\n<div class=\"sow-image-container\">\n\t\t<img src=\"https:\/\/karinaschneeberger.at\/wp-content\/uploads\/2025\/09\/Karina-Schneeberger-Foto.jpeg\" width=\"1200\" height=\"1600\" srcset=\"https:\/\/karinaschneeberger.at\/wp-content\/uploads\/2025\/09\/Karina-Schneeberger-Foto.jpeg 1200w, https:\/\/karinaschneeberger.at\/wp-content\/uploads\/2025\/09\/Karina-Schneeberger-Foto-225x300.jpeg 225w, https:\/\/karinaschneeberger.at\/wp-content\/uploads\/2025\/09\/Karina-Schneeberger-Foto-768x1024.jpeg 768w, https:\/\/karinaschneeberger.at\/wp-content\/uploads\/2025\/09\/Karina-Schneeberger-Foto-1152x1536.jpeg 1152w, https:\/\/karinaschneeberger.at\/wp-content\/uploads\/2025\/09\/Karina-Schneeberger-Foto-920x1227.jpeg 920w, https:\/\/karinaschneeberger.at\/wp-content\/uploads\/2025\/09\/Karina-Schneeberger-Foto-230x307.jpeg 230w, https:\/\/karinaschneeberger.at\/wp-content\/uploads\/2025\/09\/Karina-Schneeberger-Foto-350x467.jpeg 350w, https:\/\/karinaschneeberger.at\/wp-content\/uploads\/2025\/09\/Karina-Schneeberger-Foto-480x640.jpeg 480w\" sizes=\"(max-width: 1200px) 100vw, 1200px\" alt=\"Karina Schneeberger, geboren Lederhaas\" loading=\"lazy\" \t\tclass=\"so-widget-image\"\/>\n\t<\/div>\n\n<\/div><\/div><\/div><\/div><\/div><\/div><div id=\"pg-220-5\"  class=\"panel-grid panel-has-style\" ><div style=\"padding: 1px 0; \" data-overlay=\"true\" data-overlay-color=\"#000000\" class=\"panel-row-style panel-row-style-for-220-5\" ><div id=\"pgc-220-5-0\"  class=\"panel-grid-cell\" ><div id=\"panel-220-5-0-0\" class=\"so-panel widget widget_text panel-first-child panel-last-child\" data-index=\"7\" ><div style=\"text-align: left;\" data-title-color=\"#443f3f\" data-headings-color=\"#443f3f\" class=\"panel-widget-style panel-widget-style-for-220-5-0-0\" ><h3 class=\"widget-title\">Ausbildung und berufliche Erfahrung<\/h3>\t\t\t<div class=\"textwidget\"><\/div>\n\t\t<\/div><\/div><\/div><\/div><\/div><div id=\"pg-220-6\"  class=\"panel-grid panel-has-style\" ><div style=\"padding: 1px 0; \" data-overlay=\"true\" data-overlay-color=\"#000000\" class=\"panel-row-style panel-row-style-for-220-6\" ><div id=\"pgc-220-6-0\"  class=\"panel-grid-cell\" ><div id=\"panel-220-6-0-0\" class=\"so-panel widget widget_text panel-first-child panel-last-child\" data-index=\"8\" ><div style=\"text-align: left;\" data-title-color=\"#443f3f\" data-headings-color=\"#443f3f\" class=\"panel-widget-style panel-widget-style-for-220-6-0-0\" >\t\t\t<div class=\"textwidget\"><p><strong>Psychotherapeutin<br \/>\n<\/strong>\u00d6AS Wien, Fachspezifikum f\u00fcr Systemische Familientherapie<br \/>\nUniversit\u00e4t Wien\/HOPP, Psychotherapeutisches Prop\u00e4deutikum<\/p>\n<p><strong>Systemische Therapeutin<\/strong><br \/>\nContext Conen Berlin, bei Dr. Marie-Luise Conen<\/p>\n<p><strong>Erziehungsswissenschaftlerin<\/strong><br \/>\nUniversit\u00e4t Hamburg, Abschluss Diplom P\u00e4dagogin (Dipl.-P\u00e4d.in) \u00e4quivalent mit Magistra\/Master<\/p>\n<p><strong>Ausgew\u00e4hlte Fortbildungen<br \/>\n<\/strong>Paartherapie, Unterst\u00fctzung und Begleitung \u00fcberlasteter Eltern von S\u00e4uglingen und Kleinkindern, Krisenintervention, interkulturelle Beratung, Gewaltpr\u00e4vention, Psychosomatik, Arbeit mit dem Familienbrett und anderen systemischen Aufstellungen, Arbeit mit Metaphern.<\/p>\n<\/div>\n\t\t<\/div><\/div><\/div><div id=\"pgc-220-6-1\"  class=\"panel-grid-cell\" ><div id=\"panel-220-6-1-0\" class=\"so-panel widget widget_text panel-first-child panel-last-child\" data-index=\"9\" ><div style=\"text-align: left;\" data-title-color=\"#443f3f\" data-headings-color=\"#443f3f\" class=\"panel-widget-style panel-widget-style-for-220-6-1-0\" >\t\t\t<div class=\"textwidget\"><p><strong>Berufliche Erfahrung<br \/>\n<\/strong><\/p>\n<p>Aktuell in freier Praxis und Anstellung am Institut f\u00fcr Paar- und Familientherapie.\u00a0Mehrj\u00e4hrige Erfahrung in der Therapie mit Einzelpersonen, Paaren, Familien und Kindern:<\/p>\n<ul>\n<li>Psychotherapeutin in freier Praxis in 1140 Wien.<\/li>\n<li>Institut f\u00fcr Paar- und Familientherapie in 1020 Wien.<\/li>\n<li>SOS Kinderdorf Burgenland (Aufsuchende Familienarbeit).<\/li>\n<li>Otto-Wagner-Spital Wien (Einzeltherapie und Gruppentherapie f\u00fcr Erwachsene).<\/li>\n<li>FUNKE Hamburg (Einzel- und Familientherapie in einer Beratungsstelle in St. Pauli).<\/li>\n<li>APD Buchfink Hamburg (Ambulante Sozialpsychiatrie\/ Rehabilitationsma\u00dfnahme).<\/li>\n<\/ul>\n<\/div>\n\t\t<\/div><\/div><\/div><\/div><\/div><div id=\"pg-220-7\"  class=\"panel-grid panel-has-style\" ><div class=\"siteorigin-panels-stretch panel-row-style panel-row-style-for-220-7\" style=\"padding: 100px 0; \" data-stretch-type=\"full\" data-overlay=\"true\" data-overlay-color=\"#000000\" ><div id=\"pgc-220-7-0\"  class=\"panel-grid-cell\" ><div id=\"panel-220-7-0-0\" class=\"so-panel widget widget_text panel-first-child panel-last-child\" data-index=\"10\" ><div style=\"text-align: left;\" data-title-color=\"#443f3f\" data-headings-color=\"#443f3f\" class=\"panel-widget-style panel-widget-style-for-220-7-0-0\" ><h3 class=\"widget-title\">Rahmenbedingungen<\/h3>\t\t\t<div class=\"textwidget\"><div class=\"textwidget\">\n<p><strong>Kosten der Therapie<\/strong><br \/>\n50 Minuten Einzeltherapie: 100 Euro<br \/>\n90 Minuten Paar- oder Familientherapie: 180 Euro<\/p>\n<p>Sie erhalten am Ende des Monats eine Rechnung von mir, die Sie bitte innerhalb von 7 Tagen per \u00dcberweisung begleichen. Als Selbstzahler:in erhalten weder die Krankenkasse noch die SVA Meldung, dass sie Psychotherapie oder Selbsterfahrung in Anspruch nehmen.<\/p>\n<p><strong>Kostenzuschuss durch die Krankenkasse<\/strong><br \/>\nEin Antrag bei der jeweiligen Krankenkasse ist m\u00f6glich, um eine Teilrefundierung zu erhalten. Die H\u00f6he der Teilrefundierung liegt zwischen 33,70 Euro (\u00d6GK) bis ca. 50 Euro je nach Krankenkasse. Hierf\u00fcr m\u00fcssen Sie vor der zweiten Therapiestunde eine \u00e4rztliche Best\u00e4tigung von ihrer \u00c4rzt:in bringen.<\/p>\n<p><strong>Absagen<\/strong><br \/>\nWenn Ihnen etwas dazwischen kommt, bitte ich Sie um eine Absage von mindestens 24 Stunden vorher, ansonsten muss ich Ihnen leider das volle Honorar verrechnen.<\/p>\n<p><strong>Arbeitsweise und Behandlungsplan<br \/>\n<\/strong>Psychotherapie ist eine wissenschaftlich anerkannte Methode, die der Heilung oder Linderung psychischen Leidens hilft. Ich bin Systemische Therapeutin und Familientherapeutin, daher ist es mir wichtig, dass ich an Ihren M\u00f6glichkeiten und Ressourcen ansetze und mit Ihnen an Ihrer Zukunft arbeite. Ein wertsch\u00e4tzender Umgang mit Ihnen ist mir dabei sehr wichtig. Ich werde Sie dabei begleiten, gemeinsam L\u00f6sungen f\u00fcr ihre Anliegen und Probleme zu finden. Ein Problem verstehe ich dabei stets eingebettet in Ihr Lebensumfeld, Ihre pers\u00f6nliche Geschichte, Ihre Familie, Ihre Arbeits- und Alltagswelt.<\/p>\n<p>Je nach Anliegen oder Problem werde ich mit Ihnen einen Behandlungsplan besprechen. Dabei k\u00f6nnen neben dem gemeinsamen Dialog, dem therapeutischen Gespr\u00e4ch, auch andere Methoden eingesetzt werden, wie etwa das Genogramm (zur Darstellung von z.B. Familienbeziehungen), das Familienbrett, unterschiedliche Fragetechniken, Rituale, Metaphern oder eine Time-Line.<\/p>\n<p><strong>Verschwiegenheit<\/strong><br \/>\nIch unterliege der gesetzlich vorgeschriebenen Verschwiegenheitspflicht.<\/p>\n<\/div>\n<\/div>\n\t\t<\/div><\/div><\/div><\/div><\/div><div id=\"pg-220-8\"  class=\"panel-grid panel-has-style\" ><div style=\"padding: 100px 0; \" data-overlay=\"true\" data-overlay-color=\"#000000\" class=\"panel-row-style panel-row-style-for-220-8\" ><div id=\"pgc-220-8-0\"  class=\"panel-grid-cell\" ><div id=\"panel-220-8-0-0\" class=\"so-panel widget widget_sydney_contact_info sydney_contact_info_widget panel-first-child\" data-index=\"11\" ><div style=\"text-align: left;\" data-title-color=\"#443f3f\" data-headings-color=\"#443f3f\" class=\"panel-widget-style panel-widget-style-for-220-8-0-0\" ><h3 class=\"widget-title\">Kontakt<\/h3><div class=\"contact-address\"><span><i class=\"sydney-svg-icon\"><svg xmlns=\"http:\/\/www.w3.org\/2000\/svg\" viewBox=\"0 0 576 512\"><path d=\"M280.37 148.26L96 300.11V464a16 16 0 0 0 16 16l112.06-.29a16 16 0 0 0 15.92-16V368a16 16 0 0 1 16-16h64a16 16 0 0 1 16 16v95.64a16 16 0 0 0 16 16.05L464 480a16 16 0 0 0 16-16V300L295.67 148.26a12.19 12.19 0 0 0-15.3 0zM571.6 251.47L488 182.56V44.05a12 12 0 0 0-12-12h-56a12 12 0 0 0-12 12v72.61L318.47 43a48 48 0 0 0-61 0L4.34 251.47a12 12 0 0 0-1.6 16.9l25.5 31A12 12 0 0 0 45.15 301l235.22-193.74a12.19 12.19 0 0 1 15.3 0L530.9 301a12 12 0 0 0 16.9-1.6l25.5-31a12 12 0 0 0-1.7-16.93z\" \/><\/svg><\/i><\/span>Dipl.-P\u00e4d.in Karina Schneeberger, Cumberlandstra\u00dfe 31\/6, 1140 Wien<\/div><div class=\"contact-phone\"><span><i class=\"sydney-svg-icon\"><svg xmlns=\"http:\/\/www.w3.org\/2000\/svg\" viewBox=\"0 0 512 512\"><path d=\"M497.39 361.8l-112-48a24 24 0 0 0-28 6.9l-49.6 60.6A370.66 370.66 0 0 1 130.6 204.11l60.6-49.6a23.94 23.94 0 0 0 6.9-28l-48-112A24.16 24.16 0 0 0 122.6.61l-104 24A24 24 0 0 0 0 48c0 256.5 207.9 464 464 464a24 24 0 0 0 23.4-18.6l24-104a24.29 24.29 0 0 0-14.01-27.6z\" \/><\/svg><\/i><\/span>0660 4162070<\/div><div class=\"contact-email\"><span><i class=\"sydney-svg-icon\"><svg xmlns=\"http:\/\/www.w3.org\/2000\/svg\" viewBox=\"0 0 512 512\"><path d=\"M502.3 190.8c3.9-3.1 9.7-.2 9.7 4.7V400c0 26.5-21.5 48-48 48H48c-26.5 0-48-21.5-48-48V195.6c0-5 5.7-7.8 9.7-4.7 22.4 17.4 52.1 39.5 154.1 113.6 21.1 15.4 56.7 47.8 92.2 47.6 35.7.3 72-32.8 92.3-47.6 102-74.1 131.6-96.3 154-113.7zM256 320c23.2.4 56.6-29.2 73.4-41.4 132.7-96.3 142.8-104.7 173.4-128.7 5.8-4.5 9.2-11.5 9.2-18.9v-19c0-26.5-21.5-48-48-48H48C21.5 64 0 85.5 0 112v19c0 7.4 3.4 14.3 9.2 18.9 30.6 23.9 40.7 32.4 173.4 128.7 16.8 12.2 50.2 41.8 73.4 41.4z\" \/><\/svg><\/i><\/span><a href=\"mailto:&#112;r&#97;xis&#46;&#115;ch&#110;&#101;&#101;ber&#103;&#101;r&#64;gmail.&#99;o&#109;\">&#112;r&#97;xis&#46;&#115;ch&#110;&#101;&#101;ber&#103;&#101;r&#64;gmail.&#99;o&#109;<\/a><\/div><\/div><\/div><div id=\"panel-220-8-0-1\" class=\"so-panel widget widget_text\" data-index=\"12\" ><div style=\"text-align: left;\" data-title-color=\"#443f3f\" data-headings-color=\"#443f3f\" class=\"panel-widget-style panel-widget-style-for-220-8-0-1\" >\t\t\t<div class=\"textwidget\"><\/div>\n\t\t<\/div><\/div><div id=\"panel-220-8-0-2\" class=\"so-panel widget widget_sow-google-map panel-last-child\" data-index=\"13\" ><div style=\"text-align: left;\" data-title-color=\"#443f3f\" data-headings-color=\"#443f3f\" class=\"panel-widget-style panel-widget-style-for-220-8-0-2\" ><div\n\t\t\t\n\t\t\tclass=\"so-widget-sow-google-map so-widget-sow-google-map-default-6b23895f316e-35\"\n\t\t\t\n\t\t>\n<div class=\"sow-google-map-canvas\"\n\tstyle=\"\"\n\tid=\"map-canvas-5c138fa45f2751daa4c729b9c8ec1588\"\n\tdata-options=\"{&quot;address&quot;:&quot;&quot;,&quot;zoom&quot;:14,&quot;mobileZoom&quot;:14,&quot;gestureHandling&quot;:&quot;cooperative&quot;,&quot;disableUi&quot;:false,&quot;keepCentered&quot;:true,&quot;markerIcon&quot;:&quot;&quot;,&quot;markersDraggable&quot;:false,&quot;markerAtCenter&quot;:true,&quot;markerInfoDisplay&quot;:&quot;always&quot;,&quot;markerInfoMultiple&quot;:true,&quot;markerPositions&quot;:[{&quot;place&quot;:&quot;48.1916138, 16.3073987&quot;,&quot;info&quot;:&quot;&lt;p&gt;Cumberlandstra\\u00dfe 31\\\/6, 1140 Wien, \\u00d6sterreich&lt;\\\/p&gt;\\n&quot;,&quot;infoSelectedEditor&quot;:&quot;tinymce&quot;,&quot;infoMaxWidth&quot;:&quot;&quot;,&quot;customMarkerIcon&quot;:0,&quot;customMarkerIconSize&quot;:&quot;full&quot;}],&quot;mapName&quot;:&quot;&quot;,&quot;mapStyles&quot;:&quot;&quot;,&quot;directions&quot;:&quot;&quot;,&quot;apiKey&quot;:&quot;AIzaSyAOvYmfrcRmNSIQ4x6p6aFWKn0PaI_ACN8&quot;,&quot;breakpoint&quot;:780}\"\n\tdata-fallback-image=\"{&quot;img&quot;:&quot;&quot;}\"><\/div>\n<\/div><\/div><\/div><\/div><\/div><\/div><\/div>","protected":false},"excerpt":{"rendered":"<p>Schwerpunkte Als Psychotherapeutin und Erziehungswissenschaftlerin biete ich Ihnen Hilfe unter anderem bei [&hellip;]<\/p>\n","protected":false},"author":1,"featured_media":0,"parent":0,"menu_order":0,"comment_status":"open","ping_status":"open","template":"page-templates\/page_front-page.php","meta":[],"_links":{"self":[{"href":"https:\/\/karinaschneeberger.at\/index.php?rest_route=\/wp\/v2\/pages\/220"}],"collection":[{"href":"https:\/\/karinaschneeberger.at\/index.php?rest_route=\/wp\/v2\/pages"}],"about":[{"href":"https:\/\/karinaschneeberger.at\/index.php?rest_route=\/wp\/v2\/types\/page"}],"author":[{"embeddable":true,"href":"https:\/\/karinaschneeberger.at\/index.php?rest_route=\/wp\/v2\/users\/1"}],"replies":[{"embeddable":true,"href":"https:\/\/karinaschneeberger.at\/index.php?rest_route=%2Fwp%2Fv2%2Fcomments&post=220"}],"version-history":[{"count":416,"href":"https:\/\/karinaschneeberger.at\/index.php?rest_route=\/wp\/v2\/pages\/220\/revisions"}],"predecessor-version":[{"id":1073,"href":"https:\/\/karinaschneeberger.at\/index.php?rest_route=\/wp\/v2\/pages\/220\/revisions\/1073"}],"wp:attachment":[{"href":"https:\/\/karinaschneeberger.at\/index.php?rest_route=%2Fwp%2Fv2%2Fmedia&parent=220"}],"curies":[{"name":"wp","href":"https:\/\/api.w.org\/{rel}","templated":true}]}}